{"id":1747,"date":"2024-12-05T21:27:57","date_gmt":"2024-12-06T03:27:57","guid":{"rendered":"https:\/\/eschido.one\/?page_id=1747"},"modified":"2024-12-09T10:28:27","modified_gmt":"2024-12-09T16:28:27","slug":"contacto","status":"publish","type":"page","link":"https:\/\/eschido.one\/en\/contacto\/","title":{"rendered":"Contacto"},"content":{"rendered":"<div data-elementor-type=\"wp-page\" data-elementor-id=\"1747\" class=\"elementor elementor-1747\" data-elementor-post-type=\"page\">\n\t\t\t\t<div class=\"elementor-element elementor-element-5df5f1d e-flex e-con-boxed e-con e-parent\" data-id=\"5df5f1d\" data-element_type=\"container\" data-settings=\"{&quot;background_background&quot;:&quot;classic&quot;}\">\n\t\t\t\t\t<div class=\"e-con-inner\">\n\t\t<div class=\"elementor-element elementor-element-da5b173 e-con-full e-flex e-con e-child\" data-id=\"da5b173\" data-element_type=\"container\" data-settings=\"{&quot;background_background&quot;:&quot;classic&quot;}\">\n\t\t\t\t<div class=\"elementor-element elementor-element-0708e4d elementor-widget elementor-widget-heading\" data-id=\"0708e4d\" data-element_type=\"widget\" data-widget_type=\"heading.default\">\n\t\t\t\t<div class=\"elementor-widget-container\">\n\t\t\t<h3 class=\"elementor-heading-title elementor-size-default\">Cont\u00e1ctanos<\/h3>\t\t<\/div>\n\t\t\t\t<\/div>\n\t\t\t\t<div class=\"elementor-element elementor-element-763b59a elementor-widget elementor-widget-heading\" data-id=\"763b59a\" data-element_type=\"widget\" data-widget_type=\"heading.default\">\n\t\t\t\t<div class=\"elementor-widget-container\">\n\t\t\t<h1 class=\"elementor-heading-title elementor-size-default\">Todo proyecto empieza <br \/>con un plan<\/h1>\t\t<\/div>\n\t\t\t\t<\/div>\n\t\t\t\t<div class=\"elementor-element elementor-element-d792307 elementor-widget elementor-widget-heading\" data-id=\"d792307\" data-element_type=\"widget\" data-widget_type=\"heading.default\">\n\t\t\t\t<div class=\"elementor-widget-container\">\n\t\t\t<h2 class=\"elementor-heading-title elementor-size-default\">Est\u00e1s a punto de dar el primer paso para que ese plan se haga realidad<\/h2>\t\t<\/div>\n\t\t\t\t<\/div>\n\t\t\t\t<div class=\"elementor-element elementor-element-6a6b404 elementor-widget elementor-widget-spacer\" data-id=\"6a6b404\" data-element_type=\"widget\" data-widget_type=\"spacer.default\">\n\t\t\t\t<div class=\"elementor-widget-container\">\n\t\t\t\t\t<div class=\"elementor-spacer\">\n\t\t\t<div class=\"elementor-spacer-inner\"><\/div>\n\t\t<\/div>\n\t\t\t\t<\/div>\n\t\t\t\t<\/div>\n\t\t\t\t<\/div>\n\t\t\t\t\t<\/div>\n\t\t\t\t<\/div>\n\t\t<div class=\"elementor-element elementor-element-f51e83c e-flex e-con-boxed e-con e-parent\" data-id=\"f51e83c\" data-element_type=\"container\" data-settings=\"{&quot;background_background&quot;:&quot;classic&quot;}\">\n\t\t\t\t\t<div class=\"e-con-inner\">\n\t\t<div class=\"elementor-element elementor-element-bdc181b e-con-full e-flex e-con e-child\" data-id=\"bdc181b\" data-element_type=\"container\">\n\t\t\t\t<div class=\"elementor-element elementor-element-f0618e0 elementor-widget elementor-widget-heading\" data-id=\"f0618e0\" data-element_type=\"widget\" data-widget_type=\"heading.default\">\n\t\t\t\t<div class=\"elementor-widget-container\">\n\t\t\t<h2 class=\"elementor-heading-title elementor-size-default\">Est\u00e1s en:<\/h2>\t\t<\/div>\n\t\t\t\t<\/div>\n\t\t\t\t<div class=\"elementor-element elementor-element-517dccc elementor-align-left elementor-widget elementor-widget-breadcrumbs\" data-id=\"517dccc\" data-element_type=\"widget\" data-widget_type=\"breadcrumbs.default\">\n\t\t\t\t<div class=\"elementor-widget-container\">\n\t\t\t<nav id=\"breadcrumbs\"><span><span><a href=\"https:\/\/eschido.one\/en\/\">Inicio<\/a><\/span><\/span><\/nav>\t\t<\/div>\n\t\t\t\t<\/div>\n\t\t\t\t<\/div>\n\t\t<div class=\"elementor-element elementor-element-61d00b9 e-con-full e-flex e-con e-child\" data-id=\"61d00b9\" data-element_type=\"container\">\n\t\t\t\t<div class=\"elementor-element elementor-element-f7d4fd7 elementor-widget-divider--view-line elementor-widget elementor-widget-divider\" data-id=\"f7d4fd7\" data-element_type=\"widget\" data-widget_type=\"divider.default\">\n\t\t\t\t<div class=\"elementor-widget-container\">\n\t\t\t\t\t<div class=\"elementor-divider\">\n\t\t\t<span class=\"elementor-divider-separator\">\n\t\t\t\t\t\t<\/span>\n\t\t<\/div>\n\t\t\t\t<\/div>\n\t\t\t\t<\/div>\n\t\t\t\t<\/div>\n\t\t\t\t\t<\/div>\n\t\t\t\t<\/div>\n\t\t<div class=\"elementor-element elementor-element-48daf15 e-flex e-con-boxed e-con e-parent\" data-id=\"48daf15\" data-element_type=\"container\" data-settings=\"{&quot;background_background&quot;:&quot;classic&quot;}\">\n\t\t\t\t\t<div class=\"e-con-inner\">\n\t\t<div class=\"elementor-element elementor-element-2470d56 e-con-full e-flex e-con e-child\" data-id=\"2470d56\" data-element_type=\"container\">\n\t\t<div class=\"elementor-element elementor-element-8e0130e e-con-full e-flex e-con e-child\" data-id=\"8e0130e\" data-element_type=\"container\">\n\t\t\t\t<div class=\"elementor-element elementor-element-3150a84 elementor-widget elementor-widget-heading\" data-id=\"3150a84\" data-element_type=\"widget\" data-widget_type=\"heading.default\">\n\t\t\t\t<div class=\"elementor-widget-container\">\n\t\t\t<h3 class=\"elementor-heading-title elementor-size-default\">Cont\u00e1ctanos<\/h3>\t\t<\/div>\n\t\t\t\t<\/div>\n\t\t\t\t<\/div>\n\t\t<div class=\"elementor-element elementor-element-f6c28b5 e-con-full e-flex e-con e-child\" data-id=\"f6c28b5\" data-element_type=\"container\">\n\t\t\t\t<div class=\"elementor-element elementor-element-677db0a elementor-widget__width-initial elementor-widget elementor-widget-heading\" data-id=\"677db0a\" data-element_type=\"widget\" data-widget_type=\"heading.default\">\n\t\t\t\t<div class=\"elementor-widget-container\">\n\t\t\t<p class=\"elementor-heading-title elementor-size-default\">En Chido, no solo ayudamos a dise\u00f1ar tu plan, sino que lo llevamos a cabo con precisi\u00f3n y creatividad, asegurando que cada proyecto se realice con la m\u00e1xima calidad y eficiencia.<\/p>\t\t<\/div>\n\t\t\t\t<\/div>\n\t\t\t\t<div class=\"elementor-element elementor-element-f3a4cd8 elementor-widget__width-initial elementor-widget elementor-widget-heading\" data-id=\"f3a4cd8\" data-element_type=\"widget\" data-widget_type=\"heading.default\">\n\t\t\t\t<div class=\"elementor-widget-container\">\n\t\t\t<p class=\"elementor-heading-title elementor-size-default\">\u00bfTienes alguna pregunta o necesitas m\u00e1s informaci\u00f3n? Escr\u00edbenos a trav\u00e9s del formulario de contacto a continuaci\u00f3n y te responderemos lo antes posible.<\/p>\t\t<\/div>\n\t\t\t\t<\/div>\n\t\t\t\t<div class=\"elementor-element elementor-element-3119932 contactForm elementor-button-align-stretch elementor-widget elementor-widget-form\" data-id=\"3119932\" data-element_type=\"widget\" data-settings=\"{&quot;step_next_label&quot;:&quot;Next&quot;,&quot;step_previous_label&quot;:&quot;Previous&quot;,&quot;button_width&quot;:&quot;100&quot;,&quot;step_type&quot;:&quot;number_text&quot;,&quot;step_icon_shape&quot;:&quot;circle&quot;}\" data-widget_type=\"form.default\">\n\t\t\t\t<div class=\"elementor-widget-container\">\n\t\t\t\t\t<form class=\"elementor-form\" method=\"post\" name=\"Contacto\" action=\"\">\n\t\t\t<input type=\"hidden\" name=\"post_id\" value=\"1747\"\/>\n\t\t\t<input type=\"hidden\" name=\"form_id\" value=\"3119932\"\/>\n\t\t\t<input type=\"hidden\" name=\"referer_title\" value=\"Contacto &#8212; Chido Digital Collective\" \/>\n\n\t\t\t\t\t\t\t<input type=\"hidden\" name=\"queried_id\" value=\"1747\"\/>\n\t\t\t\n\t\t\t<div class=\"elementor-form-fields-wrapper elementor-labels-\">\n\t\t\t\t\t\t\t\t<div class=\"elementor-field-type-text elementor-field-group elementor-column elementor-field-group-name elementor-col-40 elementor-field-required\">\n\t\t\t\t\t\t\t\t\t\t\t\t<label for=\"form-field-name\" class=\"elementor-field-label elementor-screen-only\">\n\t\t\t\t\t\t\t\tNombre\t\t\t\t\t\t\t<\/label>\n\t\t\t\t\t\t\t\t\t\t\t\t\t\t<input size=\"1\" type=\"text\" name=\"form_fields[name]\" id=\"form-field-name\" class=\"elementor-field elementor-size-lg  elementor-field-textual\" placeholder=\"Nombre\" required=\"required\" aria-required=\"true\">\n\t\t\t\t\t\t\t\t\t\t\t<\/div>\n\t\t\t\t\t\t\t\t<div class=\"elementor-field-type-email elementor-field-group elementor-column elementor-field-group-email elementor-col-30 elementor-field-required\">\n\t\t\t\t\t\t\t\t\t\t\t\t<label for=\"form-field-email\" class=\"elementor-field-label elementor-screen-only\">\n\t\t\t\t\t\t\t\tEmail\t\t\t\t\t\t\t<\/label>\n\t\t\t\t\t\t\t\t\t\t\t\t\t\t<input size=\"1\" type=\"email\" name=\"form_fields[email]\" id=\"form-field-email\" class=\"elementor-field elementor-size-lg  elementor-field-textual\" placeholder=\"Email\" required=\"required\" aria-required=\"true\">\n\t\t\t\t\t\t\t\t\t\t\t<\/div>\n\t\t\t\t\t\t\t\t<div class=\"elementor-field-type-tel elementor-field-group elementor-column elementor-field-group-field_d735963 elementor-col-30\">\n\t\t\t\t\t\t\t\t\t\t\t\t<label for=\"form-field-field_d735963\" class=\"elementor-field-label elementor-screen-only\">\n\t\t\t\t\t\t\t\tTel\u00e9fono\t\t\t\t\t\t\t<\/label>\n\t\t\t\t\t\t\t\t<input size=\"1\" type=\"tel\" name=\"form_fields[field_d735963]\" id=\"form-field-field_d735963\" class=\"elementor-field elementor-size-lg  elementor-field-textual\" placeholder=\"Tel\u00e9fono\" pattern=\"[0-9()#&amp;+*-=.]+\" title=\"Only numbers and phone characters (#, -, *, etc) are accepted.\">\n\n\t\t\t\t\t\t<\/div>\n\t\t\t\t\t\t\t\t<div class=\"elementor-field-type-html elementor-field-group elementor-column elementor-field-group-field_109b6c9 elementor-col-100\">\n\t\t\t\t\t<p class=\"whatServices\">\u00bfEn qu\u00e9 servicio est\u00e1s interesado?<\/p>\t\t\t\t<\/div>\n\t\t\t\t\t\t\t\t<div class=\"elementor-field-type-checkbox elementor-field-group elementor-column elementor-field-group-field_d610b44 elementor-col-100\">\n\t\t\t\t\t\t\t\t\t\t\t\t<label for=\"form-field-field_d610b44\" class=\"elementor-field-label elementor-screen-only\">\n\t\t\t\t\t\t\t\tServicios\t\t\t\t\t\t\t<\/label>\n\t\t\t\t\t\t<div class=\"elementor-field-subgroup  elementor-subgroup-inline\"><span class=\"elementor-field-option\"><input type=\"checkbox\" value=\"desarolloweb\" id=\"form-field-field_d610b44-0\" name=\"form_fields[field_d610b44][]\"> <label for=\"form-field-field_d610b44-0\">Desarrollo Web & Aplicaciones<\/label><\/span><span class=\"elementor-field-option\"><input type=\"checkbox\" value=\"wordpress\" id=\"form-field-field_d610b44-1\" name=\"form_fields[field_d610b44][]\"> <label for=\"form-field-field_d610b44-1\">WordPress & Elementor<\/label><\/span><span class=\"elementor-field-option\"><input type=\"checkbox\" value=\"diseno\" id=\"form-field-field_d610b44-2\" name=\"form_fields[field_d610b44][]\"> <label for=\"form-field-field_d610b44-2\">Dise\u00f1o UI\/UX<\/label><\/span><span class=\"elementor-field-option\"><input type=\"checkbox\" value=\"cloud\" id=\"form-field-field_d610b44-3\" name=\"form_fields[field_d610b44][]\"> <label for=\"form-field-field_d610b44-3\">Cloud & Hosting<\/label><\/span><span class=\"elementor-field-option\"><input type=\"checkbox\" value=\"integracion\" id=\"form-field-field_d610b44-4\" name=\"form_fields[field_d610b44][]\"> <label for=\"form-field-field_d610b44-4\">Integraci\u00f3n Digital<\/label><\/span><span class=\"elementor-field-option\"><input type=\"checkbox\" value=\"seguridad\" id=\"form-field-field_d610b44-5\" name=\"form_fields[field_d610b44][]\"> <label for=\"form-field-field_d610b44-5\">Seguridad & Testing<\/label><\/span><span class=\"elementor-field-option\"><input type=\"checkbox\" value=\"ia\" id=\"form-field-field_d610b44-6\" name=\"form_fields[field_d610b44][]\"> <label for=\"form-field-field_d610b44-6\">IA<\/label><\/span><span class=\"elementor-field-option\"><input type=\"checkbox\" value=\"consultoria\" id=\"form-field-field_d610b44-7\" name=\"form_fields[field_d610b44][]\"> <label for=\"form-field-field_d610b44-7\">Consultor\u00eda<\/label><\/span><\/div>\t\t\t\t<\/div>\n\t\t\t\t\t\t\t\t<div class=\"elementor-field-type-html elementor-field-group elementor-column elementor-field-group-field_8f35aea elementor-col-100\">\n\t\t\t\t\t<p class=\"whatServices\">Cu\u00e9ntanos<\/p>\t\t\t\t<\/div>\n\t\t\t\t\t\t\t\t<div class=\"elementor-field-type-textarea elementor-field-group elementor-column elementor-field-group-field_86f8c1b elementor-col-100\">\n\t\t\t\t\t<textarea class=\"elementor-field-textual elementor-field  elementor-size-lg\" name=\"form_fields[field_86f8c1b]\" id=\"form-field-field_86f8c1b\" rows=\"6\"><\/textarea>\t\t\t\t<\/div>\n\t\t\t\t\t\t\t\t<div class=\"elementor-field-group elementor-column elementor-field-type-submit elementor-col-100 e-form__buttons\">\n\t\t\t\t\t<button class=\"elementor-button elementor-size-lg\" type=\"submit\">\n\t\t\t\t\t\t<span class=\"elementor-button-content-wrapper\">\n\t\t\t\t\t\t\t\t\t\t\t\t\t\t\t<span class=\"elementor-button-icon\">\n\t\t\t\t\t\t\t\t\t<i aria-hidden=\"true\" class=\"fad fa-rocket-launch\"><\/i>\t\t\t\t\t\t\t\t\t\t\t\t\t\t\t\t\t<\/span>\n\t\t\t\t\t\t\t\t\t\t\t\t\t\t\t\t\t\t\t\t\t\t<span class=\"elementor-button-text\">Hasta el infinito y m\u00e1s all\u00e1<\/span>\n\t\t\t\t\t\t\t\t\t\t\t\t\t<\/span>\n\t\t\t\t\t<\/button>\n\t\t\t\t<\/div>\n\t\t\t<\/div>\n\t\t<input type=\"hidden\" name=\"trp-form-language\" value=\"en\"\/><\/form>\n\t\t\t\t<\/div>\n\t\t\t\t<\/div>\n\t\t\t\t<div class=\"elementor-element elementor-element-3b01ef8 elementor-widget elementor-widget-heading\" data-id=\"3b01ef8\" data-element_type=\"widget\" data-widget_type=\"heading.default\">\n\t\t\t\t<div class=\"elementor-widget-container\">\n\t\t\t<div class=\"elementor-heading-title elementor-size-default\">Al enviar este formulario, aceptas que se procese tu informaci\u00f3n personal para responder a tu solicitud y tambi\u00e9n podamos enviarte informaci\u00f3n relacionada ocasionalmente.<\/div>\t\t<\/div>\n\t\t\t\t<\/div>\n\t\t\t\t<\/div>\n\t\t\t\t<\/div>\n\t\t\t\t\t<\/div>\n\t\t\t\t<\/div>\n\t\t\t\t<\/div>","protected":false},"excerpt":{"rendered":"<p>Cont\u00e1ctanos Todo proyecto empieza con un plan Est\u00e1s a punto de dar el primer paso para que ese plan se haga realidad Est\u00e1s en: Cont\u00e1ctanos En Chido, no solo ayudamos a dise\u00f1ar tu plan, sino que lo llevamos a cabo con precisi\u00f3n y creatividad, asegurando que cada proyecto se realice con la m\u00e1xima calidad y [&hellip;]<\/p>","protected":false},"author":1,"featured_media":0,"parent":0,"menu_order":0,"comment_status":"closed","ping_status":"closed","template":"","meta":{"_acf_changed":false,"inline_featured_image":false,"footnotes":""},"class_list":["post-1747","page","type-page","status-publish","hentry"],"acf":[],"yoast_head":"<!-- This site is optimized with the Yoast SEO Premium plugin v23.1 (Yoast SEO v24.0) - https:\/\/yoast.com\/wordpress\/plugins\/seo\/ -->\n<title>Contacto &#8212; Chido Digital Collective<\/title>\n<meta name=\"robots\" content=\"noindex, follow, max-snippet:-1, max-image-preview:large, max-video-preview:-1\" \/>\n<meta property=\"og:locale\" content=\"en_US\" \/>\n<meta property=\"og:type\" content=\"article\" \/>\n<meta property=\"og:title\" content=\"Contacto\" \/>\n<meta property=\"og:description\" content=\"Cont\u00e1ctanos Todo proyecto empieza con un plan Est\u00e1s a punto de dar el primer paso para que ese plan se haga realidad Est\u00e1s en: Cont\u00e1ctanos En Chido, no solo ayudamos a dise\u00f1ar tu plan, sino que lo llevamos a cabo con precisi\u00f3n y creatividad, asegurando que cada proyecto se realice con la m\u00e1xima calidad y [&hellip;]\" \/>\n<meta property=\"og:url\" content=\"https:\/\/eschido.one\/en\/contacto\/\" \/>\n<meta property=\"og:site_name\" content=\"Chido Digital Collective\" \/>\n<meta property=\"article:modified_time\" content=\"2024-12-09T16:28:27+00:00\" \/>\n<meta name=\"twitter:card\" content=\"summary_large_image\" \/>\n<meta name=\"twitter:label1\" content=\"Est. reading time\" \/>\n\t<meta name=\"twitter:data1\" content=\"1 minute\" \/>\n<script type=\"application\/ld+json\" class=\"yoast-schema-graph\">{\"@context\":\"https:\/\/schema.org\",\"@graph\":[{\"@type\":\"WebPage\",\"@id\":\"https:\/\/eschido.one\/contacto\/\",\"url\":\"https:\/\/eschido.one\/contacto\/\",\"name\":\"Contacto &#8212; Chido Digital Collective\",\"isPartOf\":{\"@id\":\"https:\/\/eschido.one\/#website\"},\"datePublished\":\"2024-12-06T03:27:57+00:00\",\"dateModified\":\"2024-12-09T16:28:27+00:00\",\"breadcrumb\":{\"@id\":\"https:\/\/eschido.one\/contacto\/#breadcrumb\"},\"inLanguage\":\"en-US\",\"potentialAction\":[{\"@type\":\"ReadAction\",\"target\":[\"https:\/\/eschido.one\/contacto\/\"]}]},{\"@type\":\"BreadcrumbList\",\"@id\":\"https:\/\/eschido.one\/contacto\/#breadcrumb\",\"itemListElement\":[{\"@type\":\"ListItem\",\"position\":1,\"name\":\"Inicio\",\"item\":\"https:\/\/eschido.one\/\"},{\"@type\":\"ListItem\",\"position\":2,\"name\":\"Contacto\"}]},{\"@type\":\"WebSite\",\"@id\":\"https:\/\/eschido.one\/#website\",\"url\":\"https:\/\/eschido.one\/\",\"name\":\"Chido Digital Collective\",\"description\":\"Innovaci\u00f3n digital: desarrollo, dise\u00f1o y tecnolog\u00eda a tu alcance\",\"publisher\":{\"@id\":\"https:\/\/eschido.one\/#organization\"},\"alternateName\":\"Chido\",\"potentialAction\":[{\"@type\":\"SearchAction\",\"target\":{\"@type\":\"EntryPoint\",\"urlTemplate\":\"https:\/\/eschido.one\/?s={search_term_string}\"},\"query-input\":{\"@type\":\"PropertyValueSpecification\",\"valueRequired\":true,\"valueName\":\"search_term_string\"}}],\"inLanguage\":\"en-US\"},{\"@type\":\"Organization\",\"@id\":\"https:\/\/eschido.one\/#organization\",\"name\":\"Chido Digital Collective\",\"url\":\"https:\/\/eschido.one\/\",\"logo\":{\"@type\":\"ImageObject\",\"inLanguage\":\"en-US\",\"@id\":\"https:\/\/eschido.one\/#\/schema\/logo\/image\/\",\"url\":\"https:\/\/eschido.one\/wp-content\/uploads\/2024\/04\/chido.svg\",\"contentUrl\":\"https:\/\/eschido.one\/wp-content\/uploads\/2024\/04\/chido.svg\",\"width\":75,\"height\":75,\"caption\":\"Chido Digital Collective\"},\"image\":{\"@id\":\"https:\/\/eschido.one\/#\/schema\/logo\/image\/\"}}]}<\/script>\n<!-- \/ Yoast SEO Premium plugin. -->","yoast_head_json":{"title":"Contacto &#8212; Chido Digital Collective","robots":{"index":"noindex","follow":"follow","max-snippet":"max-snippet:-1","max-image-preview":"max-image-preview:large","max-video-preview":"max-video-preview:-1"},"og_locale":"en_US","og_type":"article","og_title":"Contacto","og_description":"Cont\u00e1ctanos Todo proyecto empieza con un plan Est\u00e1s a punto de dar el primer paso para que ese plan se haga realidad Est\u00e1s en: Cont\u00e1ctanos En Chido, no solo ayudamos a dise\u00f1ar tu plan, sino que lo llevamos a cabo con precisi\u00f3n y creatividad, asegurando que cada proyecto se realice con la m\u00e1xima calidad y [&hellip;]","og_url":"https:\/\/eschido.one\/en\/contacto\/","og_site_name":"Chido Digital Collective","article_modified_time":"2024-12-09T16:28:27+00:00","twitter_card":"summary_large_image","twitter_misc":{"Est. reading time":"1 minute"},"schema":{"@context":"https:\/\/schema.org","@graph":[{"@type":"WebPage","@id":"https:\/\/eschido.one\/contacto\/","url":"https:\/\/eschido.one\/contacto\/","name":"Contacto &#8212; Chido Digital Collective","isPartOf":{"@id":"https:\/\/eschido.one\/#website"},"datePublished":"2024-12-06T03:27:57+00:00","dateModified":"2024-12-09T16:28:27+00:00","breadcrumb":{"@id":"https:\/\/eschido.one\/contacto\/#breadcrumb"},"inLanguage":"en-US","potentialAction":[{"@type":"ReadAction","target":["https:\/\/eschido.one\/contacto\/"]}]},{"@type":"BreadcrumbList","@id":"https:\/\/eschido.one\/contacto\/#breadcrumb","itemListElement":[{"@type":"ListItem","position":1,"name":"Inicio","item":"https:\/\/eschido.one\/"},{"@type":"ListItem","position":2,"name":"Contacto"}]},{"@type":"WebSite","@id":"https:\/\/eschido.one\/#website","url":"https:\/\/eschido.one\/","name":"Chido Digital Collective","description":"Innovaci\u00f3n digital: desarrollo, dise\u00f1o y tecnolog\u00eda a tu alcance","publisher":{"@id":"https:\/\/eschido.one\/#organization"},"alternateName":"Chido","potentialAction":[{"@type":"SearchAction","target":{"@type":"EntryPoint","urlTemplate":"https:\/\/eschido.one\/?s={search_term_string}"},"query-input":{"@type":"PropertyValueSpecification","valueRequired":true,"valueName":"search_term_string"}}],"inLanguage":"en-US"},{"@type":"Organization","@id":"https:\/\/eschido.one\/#organization","name":"Chido Digital Collective","url":"https:\/\/eschido.one\/","logo":{"@type":"ImageObject","inLanguage":"en-US","@id":"https:\/\/eschido.one\/#\/schema\/logo\/image\/","url":"https:\/\/eschido.one\/wp-content\/uploads\/2024\/04\/chido.svg","contentUrl":"https:\/\/eschido.one\/wp-content\/uploads\/2024\/04\/chido.svg","width":75,"height":75,"caption":"Chido Digital Collective"},"image":{"@id":"https:\/\/eschido.one\/#\/schema\/logo\/image\/"}}]}},"_links":{"self":[{"href":"https:\/\/eschido.one\/en\/wp-json\/wp\/v2\/pages\/1747","targetHints":{"allow":["GET"]}}],"collection":[{"href":"https:\/\/eschido.one\/en\/wp-json\/wp\/v2\/pages"}],"about":[{"href":"https:\/\/eschido.one\/en\/wp-json\/wp\/v2\/types\/page"}],"author":[{"embeddable":true,"href":"https:\/\/eschido.one\/en\/wp-json\/wp\/v2\/users\/1"}],"replies":[{"embeddable":true,"href":"https:\/\/eschido.one\/en\/wp-json\/wp\/v2\/comments?post=1747"}],"version-history":[{"count":5,"href":"https:\/\/eschido.one\/en\/wp-json\/wp\/v2\/pages\/1747\/revisions"}],"predecessor-version":[{"id":1814,"href":"https:\/\/eschido.one\/en\/wp-json\/wp\/v2\/pages\/1747\/revisions\/1814"}],"wp:attachment":[{"href":"https:\/\/eschido.one\/en\/wp-json\/wp\/v2\/media?parent=1747"}],"curies":[{"name":"wp","href":"https:\/\/api.w.org\/{rel}","templated":true}]}}