{"id":1742,"date":"2024-12-05T21:26:13","date_gmt":"2024-12-06T03:26:13","guid":{"rendered":"https:\/\/eschido.one\/?page_id=1742"},"modified":"2024-12-09T10:24:54","modified_gmt":"2024-12-09T16:24:54","slug":"acerca","status":"publish","type":"page","link":"https:\/\/eschido.one\/en\/acerca\/","title":{"rendered":"Acerca"},"content":{"rendered":"<div data-elementor-type=\"wp-page\" data-elementor-id=\"1742\" class=\"elementor elementor-1742\" data-elementor-post-type=\"page\">\n\t\t\t\t<div class=\"elementor-element elementor-element-757ed20 e-flex e-con-boxed e-con e-parent\" data-id=\"757ed20\" data-element_type=\"container\" data-settings=\"{&quot;background_background&quot;:&quot;classic&quot;}\">\n\t\t\t\t\t<div class=\"e-con-inner\">\n\t\t<div class=\"elementor-element elementor-element-a4183ec e-con-full e-flex e-con e-child\" data-id=\"a4183ec\" data-element_type=\"container\" data-settings=\"{&quot;background_background&quot;:&quot;classic&quot;}\">\n\t\t\t\t<div class=\"elementor-element elementor-element-4041733 elementor-widget elementor-widget-heading\" data-id=\"4041733\" data-element_type=\"widget\" data-widget_type=\"heading.default\">\n\t\t\t\t<div class=\"elementor-widget-container\">\n\t\t\t<h3 class=\"elementor-heading-title elementor-size-default\">Acerca<\/h3>\t\t<\/div>\n\t\t\t\t<\/div>\n\t\t\t\t<div class=\"elementor-element elementor-element-7c0a3e1 elementor-widget elementor-widget-heading\" data-id=\"7c0a3e1\" data-element_type=\"widget\" data-widget_type=\"heading.default\">\n\t\t\t\t<div class=\"elementor-widget-container\">\n\t\t\t<h1 class=\"elementor-heading-title elementor-size-default\">\u00bfQu\u00e9 es Chido?<\/h1>\t\t<\/div>\n\t\t\t\t<\/div>\n\t\t<div class=\"elementor-element elementor-element-5bf2257 e-con-full e-flex e-con e-child\" data-id=\"5bf2257\" data-element_type=\"container\">\n\t\t<div class=\"elementor-element elementor-element-72b8377 e-con-full e-flex e-con e-child\" data-id=\"72b8377\" data-element_type=\"container\">\n\t\t\t\t<div class=\"elementor-element elementor-element-2efeb58 elementor-widget elementor-widget-heading\" data-id=\"2efeb58\" data-element_type=\"widget\" data-widget_type=\"heading.default\">\n\t\t\t\t<div class=\"elementor-widget-container\">\n\t\t\t<h2 class=\"elementor-heading-title elementor-size-default\">1. adj. coloq. M\u00e9x. bonito (\u2016 lindo).<\/h2>\t\t<\/div>\n\t\t\t\t<\/div>\n\t\t\t\t<div class=\"elementor-element elementor-element-4e7132a elementor-widget elementor-widget-heading\" data-id=\"4e7132a\" data-element_type=\"widget\" data-widget_type=\"heading.default\">\n\t\t\t\t<div class=\"elementor-widget-container\">\n\t\t\t<h3 class=\"elementor-heading-title elementor-size-default\">Sin.: bonito, bello, hermoso, lindo.<\/h3>\t\t<\/div>\n\t\t\t\t<\/div>\n\t\t\t\t<\/div>\n\t\t<div class=\"elementor-element elementor-element-2aa4e83 e-con-full e-flex e-con e-child\" data-id=\"2aa4e83\" data-element_type=\"container\">\n\t\t\t\t<div class=\"elementor-element elementor-element-a234b99 elementor-widget elementor-widget-heading\" data-id=\"a234b99\" data-element_type=\"widget\" data-widget_type=\"heading.default\">\n\t\t\t\t<div class=\"elementor-widget-container\">\n\t\t\t<h2 class=\"elementor-heading-title elementor-size-default\">2. adj. coloq. M\u00e9x. Muy bueno.<\/h2>\t\t<\/div>\n\t\t\t\t<\/div>\n\t\t\t\t<div class=\"elementor-element elementor-element-a981001 elementor-widget elementor-widget-heading\" data-id=\"a981001\" data-element_type=\"widget\" data-widget_type=\"heading.default\">\n\t\t\t\t<div class=\"elementor-widget-container\">\n\t\t\t<h3 class=\"elementor-heading-title elementor-size-default\">Sin.: estupendo, fenomenal, excelente, fabuloso, cool.<\/h3>\t\t<\/div>\n\t\t\t\t<\/div>\n\t\t\t\t<\/div>\n\t\t\t\t<\/div>\n\t\t\t\t<div class=\"elementor-element elementor-element-d47bc7f elementor-widget elementor-widget-spacer\" data-id=\"d47bc7f\" data-element_type=\"widget\" data-widget_type=\"spacer.default\">\n\t\t\t\t<div class=\"elementor-widget-container\">\n\t\t\t\t\t<div class=\"elementor-spacer\">\n\t\t\t<div class=\"elementor-spacer-inner\"><\/div>\n\t\t<\/div>\n\t\t\t\t<\/div>\n\t\t\t\t<\/div>\n\t\t\t\t<\/div>\n\t\t\t\t\t<\/div>\n\t\t\t\t<\/div>\n\t\t<div class=\"elementor-element elementor-element-da603e5 e-flex e-con-boxed e-con e-parent\" data-id=\"da603e5\" data-element_type=\"container\" data-settings=\"{&quot;background_background&quot;:&quot;classic&quot;}\">\n\t\t\t\t\t<div class=\"e-con-inner\">\n\t\t<div class=\"elementor-element elementor-element-e0d2f55 e-con-full e-flex e-con e-child\" data-id=\"e0d2f55\" data-element_type=\"container\">\n\t\t\t\t<div class=\"elementor-element elementor-element-fa65049 elementor-widget elementor-widget-heading\" data-id=\"fa65049\" data-element_type=\"widget\" data-widget_type=\"heading.default\">\n\t\t\t\t<div class=\"elementor-widget-container\">\n\t\t\t<h2 class=\"elementor-heading-title elementor-size-default\">Est\u00e1s en:<\/h2>\t\t<\/div>\n\t\t\t\t<\/div>\n\t\t\t\t<div class=\"elementor-element elementor-element-e99ae14 elementor-align-left elementor-widget elementor-widget-breadcrumbs\" data-id=\"e99ae14\" data-element_type=\"widget\" data-widget_type=\"breadcrumbs.default\">\n\t\t\t\t<div class=\"elementor-widget-container\">\n\t\t\t<nav id=\"breadcrumbs\"><span><span><a href=\"https:\/\/eschido.one\/en\/\">Inicio<\/a><\/span><\/span><\/nav>\t\t<\/div>\n\t\t\t\t<\/div>\n\t\t\t\t<\/div>\n\t\t<div class=\"elementor-element elementor-element-874c7ad e-con-full e-flex e-con e-child\" data-id=\"874c7ad\" data-element_type=\"container\">\n\t\t\t\t<div class=\"elementor-element elementor-element-442b050 elementor-widget-divider--view-line elementor-widget elementor-widget-divider\" data-id=\"442b050\" data-element_type=\"widget\" data-widget_type=\"divider.default\">\n\t\t\t\t<div class=\"elementor-widget-container\">\n\t\t\t\t\t<div class=\"elementor-divider\">\n\t\t\t<span class=\"elementor-divider-separator\">\n\t\t\t\t\t\t<\/span>\n\t\t<\/div>\n\t\t\t\t<\/div>\n\t\t\t\t<\/div>\n\t\t\t\t<\/div>\n\t\t\t\t\t<\/div>\n\t\t\t\t<\/div>\n\t\t<div class=\"elementor-element elementor-element-aed7607 e-flex e-con-boxed e-con e-parent\" data-id=\"aed7607\" data-element_type=\"container\" data-settings=\"{&quot;background_background&quot;:&quot;classic&quot;}\">\n\t\t\t\t\t<div class=\"e-con-inner\">\n\t\t<div class=\"elementor-element elementor-element-ed4f348 e-con-full e-flex e-con e-child\" data-id=\"ed4f348\" data-element_type=\"container\">\n\t\t<div class=\"elementor-element elementor-element-81fa103 e-con-full e-flex e-con e-child\" data-id=\"81fa103\" data-element_type=\"container\">\n\t\t\t\t<div class=\"elementor-element elementor-element-7a93536 elementor-widget elementor-widget-heading\" data-id=\"7a93536\" data-element_type=\"widget\" data-widget_type=\"heading.default\">\n\t\t\t\t<div class=\"elementor-widget-container\">\n\t\t\t<h3 class=\"elementor-heading-title elementor-size-default\">Un poco de historia<\/h3>\t\t<\/div>\n\t\t\t\t<\/div>\n\t\t\t\t<\/div>\n\t\t<div class=\"elementor-element elementor-element-cf5655f e-con-full e-flex e-con e-child\" data-id=\"cf5655f\" data-element_type=\"container\">\n\t\t\t\t<div class=\"elementor-element elementor-element-473d54a elementor-widget elementor-widget-text-editor\" data-id=\"473d54a\" data-element_type=\"widget\" data-widget_type=\"text-editor.default\">\n\t\t\t\t<div class=\"elementor-widget-container\">\n\t\t\t\t\t\t\t<p>Todo comenz\u00f3 en 2011, cuando un grupo de amigos, cada uno con su especialidad en diferentes \u00e1reas del mundo digital, decidieron unir sus talentos para algo m\u00e1s grande. As\u00ed naci\u00f3 Chido, un colectivo digital que se convirti\u00f3 en el punto de encuentro donde la creatividad y la tecnolog\u00eda se fusionan para crear soluciones innovadoras y efectivas.<\/p><p>Chido se gest\u00f3 a partir de la idea de que trabajar juntos, en un ambiente colaborativo, podr\u00eda transformar peque\u00f1os proyectos individuales en grandes realizaciones. Con el tiempo, este colectivo creci\u00f3, atrayendo a profesionales de diversas disciplinas como dise\u00f1o UX\/UI, desarrollo de aplicaciones, inteligencia artificial, y marketing digital. Todos comparten un objetivo com\u00fan: llevar la innovaci\u00f3n al siguiente nivel.<\/p><p>Desde su creaci\u00f3n, Chido ha estado a la vanguardia del desarrollo web, implementando soluciones en plataformas como WordPress y desarrollando infraestructuras en servidores como AWS. Pero lo que realmente hace \u00fanica a Chido es su capacidad de entender y adaptarse a las necesidades culturales y empresariales de clientes de todo el mundo, asegurando que cada proyecto no solo cumpla con las expectativas, sino que las exceda.<\/p><p>Hoy, Chido es m\u00e1s que un colectivo; es una comunidad global de innovadores apasionados que no solo trabajan para transformar la web, sino para hacer que la tecnolog\u00eda sea m\u00e1s accesible y \u00fatil para todos. Cada proyecto es un reflejo de su compromiso con la excelencia y la creatividad colectiva.<\/p>\t\t\t\t\t\t<\/div>\n\t\t\t\t<\/div>\n\t\t\t\t<\/div>\n\t\t\t\t<\/div>\n\t\t\t\t\t<\/div>\n\t\t\t\t<\/div>\n\t\t<div class=\"elementor-element elementor-element-82ed1ca e-flex e-con-boxed e-con e-parent\" data-id=\"82ed1ca\" data-element_type=\"container\" data-settings=\"{&quot;background_background&quot;:&quot;classic&quot;}\">\n\t\t\t\t\t<div class=\"e-con-inner\">\n\t\t<div class=\"elementor-element elementor-element-d88eaf2 e-grid e-con-full e-con e-child\" data-id=\"d88eaf2\" data-element_type=\"container\">\n\t\t<div class=\"elementor-element elementor-element-185f845 e-con-full e-flex e-con e-child\" data-id=\"185f845\" data-element_type=\"container\">\n\t\t\t\t<div class=\"elementor-element elementor-element-f067f83 elementor-widget elementor-widget-heading\" data-id=\"f067f83\" data-element_type=\"widget\" data-widget_type=\"heading.default\">\n\t\t\t\t<div class=\"elementor-widget-container\">\n\t\t\t<h3 class=\"elementor-heading-title elementor-size-default\">Misi\u00f3n<\/h3>\t\t<\/div>\n\t\t\t\t<\/div>\n\t\t\t\t<div class=\"elementor-element elementor-element-2185ae7 elementor-widget elementor-widget-text-editor\" data-id=\"2185ae7\" data-element_type=\"widget\" data-widget_type=\"text-editor.default\">\n\t\t\t\t<div class=\"elementor-widget-container\">\n\t\t\t\t\t\t\t<p>Transformar Internet en un espacio m\u00e1s intuitivo, seguro y atractivo. Nos esforzamos por desarrollar soluciones digitales innovadoras que no solo mejoren la experiencia online, sino que tambi\u00e9n promuevan un entorno digital accesible y eficiente para todos. Nos comprometemos a utilizar la tecnolog\u00eda para superar barreras y crear oportunidades que enriquezcan la vida de las personas a nivel global.<\/p>\t\t\t\t\t\t<\/div>\n\t\t\t\t<\/div>\n\t\t\t\t<\/div>\n\t\t<div class=\"elementor-element elementor-element-5189c90 e-con-full e-flex e-con e-child\" data-id=\"5189c90\" data-element_type=\"container\">\n\t\t\t\t<div class=\"elementor-element elementor-element-eece866 elementor-widget elementor-widget-heading\" data-id=\"eece866\" data-element_type=\"widget\" data-widget_type=\"heading.default\">\n\t\t\t\t<div class=\"elementor-widget-container\">\n\t\t\t<h3 class=\"elementor-heading-title elementor-size-default\">Visi\u00f3n<\/h3>\t\t<\/div>\n\t\t\t\t<\/div>\n\t\t\t\t<div class=\"elementor-element elementor-element-f27d2e9 elementor-widget elementor-widget-text-editor\" data-id=\"f27d2e9\" data-element_type=\"widget\" data-widget_type=\"text-editor.default\">\n\t\t\t\t<div class=\"elementor-widget-container\">\n\t\t\t\t\t\t\t<p>En Chido, nuestra visi\u00f3n es crear un futuro donde los profesionales puedan trabajar desde cualquier lugar del mundo, viviendo vidas plenas y felices junto a sus seres queridos. Nos comprometemos a liderar la transformaci\u00f3n digital, facilitando entornos de trabajo flexibles y eficaces, y mejorando continuamente internet para que todos puedan disfrutar de una libertad sin precedentes y oportunidades ilimitadas.<\/p>\t\t\t\t\t\t<\/div>\n\t\t\t\t<\/div>\n\t\t\t\t<\/div>\n\t\t<div class=\"elementor-element elementor-element-1294050 e-con-full e-flex e-con e-child\" data-id=\"1294050\" data-element_type=\"container\">\n\t\t\t\t<div class=\"elementor-element elementor-element-1405745 elementor-widget elementor-widget-heading\" data-id=\"1405745\" data-element_type=\"widget\" data-widget_type=\"heading.default\">\n\t\t\t\t<div class=\"elementor-widget-container\">\n\t\t\t<h3 class=\"elementor-heading-title elementor-size-default\">Valores<\/h3>\t\t<\/div>\n\t\t\t\t<\/div>\n\t\t\t\t<div class=\"elementor-element elementor-element-75f317f elementor-widget elementor-widget-text-editor\" data-id=\"75f317f\" data-element_type=\"widget\" data-widget_type=\"text-editor.default\">\n\t\t\t\t<div class=\"elementor-widget-container\">\n\t\t\t\t\t\t\t<p>En Chido, priorizamos la familia y la salud mental como pilares de nuestro bienestar. Respetamos profundamente el tiempo de calidad, fomentamos la honestidad y nos comprometemos a ofrecer siempre lo mejor en nuestro servicio. Estos principios gu\u00edan nuestra misi\u00f3n de crear soluciones digitales excepcionales y de apoyar un entorno laboral que valore la integridad y el compromiso.<\/p>\t\t\t\t\t\t<\/div>\n\t\t\t\t<\/div>\n\t\t\t\t<\/div>\n\t\t\t\t<\/div>\n\t\t\t\t\t<\/div>\n\t\t\t\t<\/div>\n\t\t<div class=\"elementor-element elementor-element-96d5892 e-flex e-con-boxed e-con e-parent\" data-id=\"96d5892\" data-element_type=\"container\">\n\t\t\t\t\t<div class=\"e-con-inner\">\n\t\t\t\t<div class=\"elementor-element elementor-element-7bf99fa elementor-widget elementor-widget-template\" data-id=\"7bf99fa\" data-element_type=\"widget\" data-widget_type=\"template.default\">\n\t\t\t\t<div class=\"elementor-widget-container\">\n\t\t\t\t\t<div class=\"elementor-template\">\n\t\t\t\t\t<div data-elementor-type=\"section\" data-elementor-id=\"864\" class=\"elementor elementor-864\" data-elementor-post-type=\"elementor_library\">\n\t\t\t<div class=\"elementor-element elementor-element-f2aeed9 e-flex e-con-boxed e-con e-parent\" data-id=\"f2aeed9\" data-element_type=\"container\" data-settings=\"{&quot;background_background&quot;:&quot;classic&quot;}\">\n\t\t\t\t\t<div class=\"e-con-inner\">\n\t\t<div class=\"elementor-element elementor-element-4e3dfce e-con-full e-flex e-con e-child\" data-id=\"4e3dfce\" data-element_type=\"container\" data-settings=\"{&quot;background_background&quot;:&quot;classic&quot;}\">\n\t\t\t\t<div class=\"elementor-element elementor-element-2d00834 elementor-widget elementor-widget-heading\" data-id=\"2d00834\" data-element_type=\"widget\" data-widget_type=\"heading.default\">\n\t\t\t\t<div class=\"elementor-widget-container\">\n\t\t\t<h1 class=\"elementor-heading-title elementor-size-default\">\u00bfNecesitas ayuda?<\/h1>\t\t<\/div>\n\t\t\t\t<\/div>\n\t\t\t\t<div class=\"elementor-element elementor-element-9b0bc43 elementor-widget__width-initial elementor-widget elementor-widget-heading\" data-id=\"9b0bc43\" data-element_type=\"widget\" data-widget_type=\"heading.default\">\n\t\t\t\t<div class=\"elementor-widget-container\">\n\t\t\t<h2 class=\"elementor-heading-title elementor-size-default\">Descubre c\u00f3mo nuestra tecnolog\u00eda y enfoque personalizado pueden transformar tu negocio, mejorar la experiencia del usuario y aumentar tu presencia online.<\/h2>\t\t<\/div>\n\t\t\t\t<\/div>\n\t\t\t\t<div class=\"elementor-element elementor-element-fda35c4 knowMore elementor-widget elementor-widget-button\" data-id=\"fda35c4\" data-element_type=\"widget\" data-widget_type=\"button.default\">\n\t\t\t\t<div class=\"elementor-widget-container\">\n\t\t\t\t\t\t\t<div class=\"elementor-button-wrapper\">\n\t\t\t\t\t<a class=\"elementor-button elementor-button-link elementor-size-sm\" href=\"https:\/\/eschido.one\/en\/contacto\/\">\n\t\t\t\t\t\t<span class=\"elementor-button-content-wrapper\">\n\t\t\t\t\t\t<span class=\"elementor-button-icon\">\n\t\t\t\t<i aria-hidden=\"true\" class=\"far fa-angle-right\"><\/i>\t\t\t<\/span>\n\t\t\t\t\t\t\t\t\t<span class=\"elementor-button-text\">Cont\u00e1ctanos ya, no te arrepentir\u00e1s<\/span>\n\t\t\t\t\t<\/span>\n\t\t\t\t\t<\/a>\n\t\t\t\t<\/div>\n\t\t\t\t\t\t<\/div>\n\t\t\t\t<\/div>\n\t\t\t\t<div class=\"elementor-element elementor-element-665e9a4 elementor-absolute elementor-widget elementor-widget-image\" data-id=\"665e9a4\" data-element_type=\"widget\" data-settings=\"{&quot;_position&quot;:&quot;absolute&quot;}\" data-widget_type=\"image.default\">\n\t\t\t\t<div class=\"elementor-widget-container\">\n\t\t\t\t\t\t\t\t\t\t\t\t\t<img fetchpriority=\"high\" decoding=\"async\" width=\"800\" height=\"339\" src=\"https:\/\/eschido.one\/wp-content\/uploads\/2024\/08\/paperplane.svg\" class=\"attachment-large size-large wp-image-332\" alt=\"\" \/>\t\t\t\t\t\t\t\t\t\t\t\t\t<\/div>\n\t\t\t\t<\/div>\n\t\t\t\t<\/div>\n\t\t\t\t\t<\/div>\n\t\t\t\t<\/div>\n\t\t\t\t<\/div>\n\t\t\t\t<\/div>\n\t\t\t\t<\/div>\n\t\t\t\t<\/div>\n\t\t\t\t\t<\/div>\n\t\t\t\t<\/div>\n\t\t\t\t<\/div>","protected":false},"excerpt":{"rendered":"<p>Acerca \u00bfQu\u00e9 es Chido? 1. adj. coloq. M\u00e9x. bonito (\u2016 lindo). Sin.: bonito, bello, hermoso, lindo. 2. adj. coloq. M\u00e9x. Muy bueno. Sin.: estupendo, fenomenal, excelente, fabuloso, cool. Est\u00e1s en: Un poco de historia Todo comenz\u00f3 en 2011, cuando un grupo de amigos, cada uno con su especialidad en diferentes \u00e1reas del mundo digital, decidieron [&hellip;]<\/p>","protected":false},"author":1,"featured_media":0,"parent":0,"menu_order":0,"comment_status":"closed","ping_status":"closed","template":"","meta":{"_acf_changed":false,"inline_featured_image":false,"footnotes":""},"class_list":["post-1742","page","type-page","status-publish","hentry"],"acf":[],"yoast_head":"<!-- This site is optimized with the Yoast SEO Premium plugin v23.1 (Yoast SEO v24.0) - https:\/\/yoast.com\/wordpress\/plugins\/seo\/ -->\n<title>Acerca &#8212; Chido Digital Collective<\/title>\n<meta name=\"robots\" content=\"noindex, follow, max-snippet:-1, max-image-preview:large, max-video-preview:-1\" \/>\n<meta property=\"og:locale\" content=\"en_US\" \/>\n<meta property=\"og:type\" content=\"article\" \/>\n<meta property=\"og:title\" content=\"Acerca\" \/>\n<meta property=\"og:description\" content=\"Acerca \u00bfQu\u00e9 es Chido? 1. adj. coloq. M\u00e9x. bonito (\u2016 lindo). Sin.: bonito, bello, hermoso, lindo. 2. adj. coloq. M\u00e9x. Muy bueno. Sin.: estupendo, fenomenal, excelente, fabuloso, cool. Est\u00e1s en: Un poco de historia Todo comenz\u00f3 en 2011, cuando un grupo de amigos, cada uno con su especialidad en diferentes \u00e1reas del mundo digital, decidieron [&hellip;]\" \/>\n<meta property=\"og:url\" content=\"https:\/\/eschido.one\/en\/acerca\/\" \/>\n<meta property=\"og:site_name\" content=\"Chido Digital Collective\" \/>\n<meta property=\"article:modified_time\" content=\"2024-12-09T16:24:54+00:00\" \/>\n<meta name=\"twitter:card\" content=\"summary_large_image\" \/>\n<meta name=\"twitter:label1\" content=\"Est. reading time\" \/>\n\t<meta name=\"twitter:data1\" content=\"3 minutes\" \/>\n<script type=\"application\/ld+json\" class=\"yoast-schema-graph\">{\"@context\":\"https:\/\/schema.org\",\"@graph\":[{\"@type\":\"WebPage\",\"@id\":\"https:\/\/eschido.one\/acerca\/\",\"url\":\"https:\/\/eschido.one\/acerca\/\",\"name\":\"Acerca &#8212; Chido Digital Collective\",\"isPartOf\":{\"@id\":\"https:\/\/eschido.one\/#website\"},\"datePublished\":\"2024-12-06T03:26:13+00:00\",\"dateModified\":\"2024-12-09T16:24:54+00:00\",\"breadcrumb\":{\"@id\":\"https:\/\/eschido.one\/acerca\/#breadcrumb\"},\"inLanguage\":\"en-US\",\"potentialAction\":[{\"@type\":\"ReadAction\",\"target\":[\"https:\/\/eschido.one\/acerca\/\"]}]},{\"@type\":\"BreadcrumbList\",\"@id\":\"https:\/\/eschido.one\/acerca\/#breadcrumb\",\"itemListElement\":[{\"@type\":\"ListItem\",\"position\":1,\"name\":\"Inicio\",\"item\":\"https:\/\/eschido.one\/\"},{\"@type\":\"ListItem\",\"position\":2,\"name\":\"Acerca\"}]},{\"@type\":\"WebSite\",\"@id\":\"https:\/\/eschido.one\/#website\",\"url\":\"https:\/\/eschido.one\/\",\"name\":\"Chido Digital Collective\",\"description\":\"Innovaci\u00f3n digital: desarrollo, dise\u00f1o y tecnolog\u00eda a tu alcance\",\"publisher\":{\"@id\":\"https:\/\/eschido.one\/#organization\"},\"alternateName\":\"Chido\",\"potentialAction\":[{\"@type\":\"SearchAction\",\"target\":{\"@type\":\"EntryPoint\",\"urlTemplate\":\"https:\/\/eschido.one\/?s={search_term_string}\"},\"query-input\":{\"@type\":\"PropertyValueSpecification\",\"valueRequired\":true,\"valueName\":\"search_term_string\"}}],\"inLanguage\":\"en-US\"},{\"@type\":\"Organization\",\"@id\":\"https:\/\/eschido.one\/#organization\",\"name\":\"Chido Digital Collective\",\"url\":\"https:\/\/eschido.one\/\",\"logo\":{\"@type\":\"ImageObject\",\"inLanguage\":\"en-US\",\"@id\":\"https:\/\/eschido.one\/#\/schema\/logo\/image\/\",\"url\":\"https:\/\/eschido.one\/wp-content\/uploads\/2024\/04\/chido.svg\",\"contentUrl\":\"https:\/\/eschido.one\/wp-content\/uploads\/2024\/04\/chido.svg\",\"width\":75,\"height\":75,\"caption\":\"Chido Digital Collective\"},\"image\":{\"@id\":\"https:\/\/eschido.one\/#\/schema\/logo\/image\/\"}}]}<\/script>\n<!-- \/ Yoast SEO Premium plugin. -->","yoast_head_json":{"title":"Acerca &#8212; Chido Digital Collective","robots":{"index":"noindex","follow":"follow","max-snippet":"max-snippet:-1","max-image-preview":"max-image-preview:large","max-video-preview":"max-video-preview:-1"},"og_locale":"en_US","og_type":"article","og_title":"Acerca","og_description":"Acerca \u00bfQu\u00e9 es Chido? 1. adj. coloq. M\u00e9x. bonito (\u2016 lindo). Sin.: bonito, bello, hermoso, lindo. 2. adj. coloq. M\u00e9x. Muy bueno. Sin.: estupendo, fenomenal, excelente, fabuloso, cool. Est\u00e1s en: Un poco de historia Todo comenz\u00f3 en 2011, cuando un grupo de amigos, cada uno con su especialidad en diferentes \u00e1reas del mundo digital, decidieron [&hellip;]","og_url":"https:\/\/eschido.one\/en\/acerca\/","og_site_name":"Chido Digital Collective","article_modified_time":"2024-12-09T16:24:54+00:00","twitter_card":"summary_large_image","twitter_misc":{"Est. reading time":"3 minutes"},"schema":{"@context":"https:\/\/schema.org","@graph":[{"@type":"WebPage","@id":"https:\/\/eschido.one\/acerca\/","url":"https:\/\/eschido.one\/acerca\/","name":"Acerca &#8212; Chido Digital Collective","isPartOf":{"@id":"https:\/\/eschido.one\/#website"},"datePublished":"2024-12-06T03:26:13+00:00","dateModified":"2024-12-09T16:24:54+00:00","breadcrumb":{"@id":"https:\/\/eschido.one\/acerca\/#breadcrumb"},"inLanguage":"en-US","potentialAction":[{"@type":"ReadAction","target":["https:\/\/eschido.one\/acerca\/"]}]},{"@type":"BreadcrumbList","@id":"https:\/\/eschido.one\/acerca\/#breadcrumb","itemListElement":[{"@type":"ListItem","position":1,"name":"Inicio","item":"https:\/\/eschido.one\/"},{"@type":"ListItem","position":2,"name":"Acerca"}]},{"@type":"WebSite","@id":"https:\/\/eschido.one\/#website","url":"https:\/\/eschido.one\/","name":"Chido Digital Collective","description":"Innovaci\u00f3n digital: desarrollo, dise\u00f1o y tecnolog\u00eda a tu alcance","publisher":{"@id":"https:\/\/eschido.one\/#organization"},"alternateName":"Chido","potentialAction":[{"@type":"SearchAction","target":{"@type":"EntryPoint","urlTemplate":"https:\/\/eschido.one\/?s={search_term_string}"},"query-input":{"@type":"PropertyValueSpecification","valueRequired":true,"valueName":"search_term_string"}}],"inLanguage":"en-US"},{"@type":"Organization","@id":"https:\/\/eschido.one\/#organization","name":"Chido Digital Collective","url":"https:\/\/eschido.one\/","logo":{"@type":"ImageObject","inLanguage":"en-US","@id":"https:\/\/eschido.one\/#\/schema\/logo\/image\/","url":"https:\/\/eschido.one\/wp-content\/uploads\/2024\/04\/chido.svg","contentUrl":"https:\/\/eschido.one\/wp-content\/uploads\/2024\/04\/chido.svg","width":75,"height":75,"caption":"Chido Digital Collective"},"image":{"@id":"https:\/\/eschido.one\/#\/schema\/logo\/image\/"}}]}},"_links":{"self":[{"href":"https:\/\/eschido.one\/en\/wp-json\/wp\/v2\/pages\/1742","targetHints":{"allow":["GET"]}}],"collection":[{"href":"https:\/\/eschido.one\/en\/wp-json\/wp\/v2\/pages"}],"about":[{"href":"https:\/\/eschido.one\/en\/wp-json\/wp\/v2\/types\/page"}],"author":[{"embeddable":true,"href":"https:\/\/eschido.one\/en\/wp-json\/wp\/v2\/users\/1"}],"replies":[{"embeddable":true,"href":"https:\/\/eschido.one\/en\/wp-json\/wp\/v2\/comments?post=1742"}],"version-history":[{"count":5,"href":"https:\/\/eschido.one\/en\/wp-json\/wp\/v2\/pages\/1742\/revisions"}],"predecessor-version":[{"id":1811,"href":"https:\/\/eschido.one\/en\/wp-json\/wp\/v2\/pages\/1742\/revisions\/1811"}],"wp:attachment":[{"href":"https:\/\/eschido.one\/en\/wp-json\/wp\/v2\/media?parent=1742"}],"curies":[{"name":"wp","href":"https:\/\/api.w.org\/{rel}","templated":true}]}}